{"id":6704,"date":"2019-03-08T07:46:25","date_gmt":"2019-03-08T06:46:25","guid":{"rendered":"http:\/\/www.enjoiart.com\/enjoiart\/"},"modified":"2019-03-08T10:21:17","modified_gmt":"2019-03-08T09:21:17","slug":"enjoiart","status":"publish","type":"page","link":"https:\/\/www.enjoiart.com\/ca\/enjoiart\/","title":{"rendered":"Enjoiart"},"content":{"rendered":"<p>[vc_row][vc_column][vc_single_image image=&#8221;6159&#8243; img_size=&#8221;large&#8221;][\/vc_column][\/vc_row][vc_row][vc_column]<div class=\"eltd-elements-holder eltd-two-columns eltd-responsive-mode-1280\" ><div class=\"eltd-elements-holder-item eltd-vertical-alignment-top\"  style=\"background-color: #ffffff\">\n\t<div class=\"eltd-elements-holder-item-inner\">\n\t\t<div class=\"eltd-elements-holder-item-content eltd-elements-holder-custom-314795\" style=\"padding: 30px 40px 30px 70px\">\n\t\t\t\t\t\t<style type=\"text\/css\" data-type=\"eltd-elements-custom-padding\" scoped>\n\t\t\t\t\t\t\t\t\t@media only screen and (min-width: 1024px) and (max-width: 1280px) {\n\t\t\t\t\t\t.eltd-elements-holder .eltd-elements-holder-item-content.eltd-elements-holder-custom-314795 {\n\t\t\t\t\t\t\tpadding: 40px 30px 30px 30px !important;\n\t\t\t\t\t\t}\n\t\t\t\t\t}\n\t\t\t\t\t\t\t\t\t\t\t\t@media only screen and (min-width: 768px) and (max-width: 1024px) {\n\t\t\t\t\t.eltd-elements-holder .eltd-elements-holder-item-content.eltd-elements-holder-custom-314795 {\n\t\t\t\t\t\tpadding: 40px 40px 30px 40px !important;\n\t\t\t\t\t}\n\t\t\t\t}\n\t\t\t\t\t\t\t\t\t\t\t\t@media only screen and (min-width: 600px) and (max-width: 768px) {\n\t\t\t\t\t.eltd-elements-holder .eltd-elements-holder-item-content.eltd-elements-holder-custom-314795 {\n\t\t\t\t\t\tpadding:  !important;\n\t\t\t\t\t}\n\t\t\t\t}\n\t\t\t\t\t\t\t\t\t\t\t\t@media only screen and (min-width: 480px) and (max-width: 600px) {\n\t\t\t\t\t.eltd-elements-holder .eltd-elements-holder-item-content.eltd-elements-holder-custom-314795 {\n\t\t\t\t\t\tpadding:  !important;\n\t\t\t\t\t}\n\t\t\t\t}\n\t\t\t\t\t\t\t\t\t\t\t\t@media only screen and (max-width: 480px) {\n\t\t\t\t\t.eltd-elements-holder .eltd-elements-holder-item-content.eltd-elements-holder-custom-314795 {\n\t\t\t\t\t\tpadding: 20px 20px 30px 20px !important;\n\t\t\t\t\t}\n\t\t\t\t}\n\t\t\t\t\t\t\t\t<\/style>\n\t\t\t\t\t\t<div class=\"eltd-section-title-outer-holder\" style=\"text-align: left\">\n\t<div class=\"eltd-section-title-holder\">\n\t\t<div class=\"eltd-section-title\" style=\";\">Joies d&#039;autor<\/div>\n\t<\/div>\n<\/div>[vc_empty_space height=&#8221;8px&#8221;][vc_column_text]<\/p>\n<h4>Eva Gil Caball\u00e9<\/h4>\n<p>[\/vc_column_text][vc_empty_space height=&#8221;15px&#8221;][vc_column_text]Quan l&#8217;art es transforma en una cosa personal i perdurable. Disseny de joies d&#8217;autor per enc\u00e0rrec.[\/vc_column_text][vc_column_text]Joies creatives amb un estil molt personal que neixen de la necessitat d&#8217;expressar art, emoci\u00f3 i inspiraci\u00f3.[\/vc_column_text][vc_column_text]Nascuda el 13 de maig de 1986 a Cambrils (Tarragona).[\/vc_column_text][vc_empty_space height=&#8221;25px&#8221;]\n<blockquote class=\"eltd-blockquote-shortcode\"  >\n\t<span class=\"eltd-blockquote-block\">\n\t<\/span>\n\t<p class=\"eltd-blockquote-text\">\n\t\t<span>Cicle superior de joieria art\u00edstica a l&#039;Escola d&#039;Art de Tarragona.<\/span>\n\t<\/p>\n<\/blockquote>[vc_empty_space height=&#8221;15px&#8221;][vc_column_text]Titulada en joieria Berber.[\/vc_column_text][vc_column_text]Titulada en comptes de vidre de Murano i esmalt amb foc.[\/vc_column_text][vc_column_text]T\u00edtol de encast de pedres precioses.[\/vc_column_text][vc_empty_space height=&#8221;50px&#8221;]\n    <span class=\"eltd-icon-shortcode normal\" style=\"margin: 0 17px 0 0\" data-hover-color=\"#58bcb3\" data-color=\"#888888\">\n                    <a href=\"http:\/\/instagram.com\/enjoiart\" target=\"_blank\">\n        \n        <span aria-hidden=\"true\" class=\"eltd-icon-font-elegant social_instagram_square eltd-icon-element\" style=\"color: #888888;font-size:20px\" ><\/span>\n                    <\/a>\n            <\/span>\n\n\n    <span class=\"eltd-icon-shortcode normal\"  data-hover-color=\"#58bcb3\" data-color=\"#888888\">\n                    <a href=\"https:\/\/www.facebook.com\" target=\"_blank\">\n        \n        <span aria-hidden=\"true\" class=\"eltd-icon-font-elegant social_facebook_square eltd-icon-element\" style=\"color: #888888;font-size:20px\" ><\/span>\n                    <\/a>\n            <\/span>\n\n\t\t<\/div>\n\t<\/div>\n<\/div><div class=\"eltd-elements-holder-item eltd-vertical-alignment-top\"  style=\"background-color: #ffffff\">\n\t<div class=\"eltd-elements-holder-item-inner\">\n\t\t<div class=\"eltd-elements-holder-item-content eltd-elements-holder-custom-529562\" style=\"padding: 30px 40px 30px 70px\">\n\t\t\t\t\t\t<style type=\"text\/css\" data-type=\"eltd-elements-custom-padding\" scoped>\n\t\t\t\t\t\t\t\t\t@media only screen and (min-width: 1024px) and (max-width: 1280px) {\n\t\t\t\t\t\t.eltd-elements-holder .eltd-elements-holder-item-content.eltd-elements-holder-custom-529562 {\n\t\t\t\t\t\t\tpadding: 20px 30px 30px 30px !important;\n\t\t\t\t\t\t}\n\t\t\t\t\t}\n\t\t\t\t\t\t\t\t\t\t\t\t@media only screen and (min-width: 768px) and (max-width: 1024px) {\n\t\t\t\t\t.eltd-elements-holder .eltd-elements-holder-item-content.eltd-elements-holder-custom-529562 {\n\t\t\t\t\t\tpadding: 40px 40px 30px 40px !important;\n\t\t\t\t\t}\n\t\t\t\t}\n\t\t\t\t\t\t\t\t\t\t\t\t@media only screen and (min-width: 600px) and (max-width: 768px) {\n\t\t\t\t\t.eltd-elements-holder .eltd-elements-holder-item-content.eltd-elements-holder-custom-529562 {\n\t\t\t\t\t\tpadding:  !important;\n\t\t\t\t\t}\n\t\t\t\t}\n\t\t\t\t\t\t\t\t\t\t\t\t@media only screen and (min-width: 480px) and (max-width: 600px) {\n\t\t\t\t\t.eltd-elements-holder .eltd-elements-holder-item-content.eltd-elements-holder-custom-529562 {\n\t\t\t\t\t\tpadding:  !important;\n\t\t\t\t\t}\n\t\t\t\t}\n\t\t\t\t\t\t\t\t\t\t\t\t@media only screen and (max-width: 480px) {\n\t\t\t\t\t.eltd-elements-holder .eltd-elements-holder-item-content.eltd-elements-holder-custom-529562 {\n\t\t\t\t\t\tpadding: 20px 20px 30px 20px !important;\n\t\t\t\t\t}\n\t\t\t\t}\n\t\t\t\t\t\t\t\t<\/style>\n\t\t\t\t\t\t<div class=\"eltd-section-title-outer-holder\" style=\"text-align: left\">\n\t<div class=\"eltd-section-title-holder\">\n\t\t<div class=\"eltd-section-title\" style=\";\">Mencions<\/div>\n\t<\/div>\n<\/div>[vc_empty_space height=&#8221;8px&#8221;][vc_column_text]<\/p>\n<h4>Enjoiart<\/h4>\n<p>[\/vc_column_text][vc_empty_space height=&#8221;15px&#8221;][vc_column_text]Peces plenes de corbes i dificultats t\u00e8cniques que sorgeixen de la imaginaci\u00f3 m\u00e9s curiosa i experimental que comporten peces exclusives i irrepetibles.[\/vc_column_text][vc_column_text]Menci\u00f3 especial pel disseny en la iniciativa <a href=\"http:\/\/www.enjoiart.com\/pdf\/eva-gil-mestre-artesa-2008.pdf\" target=\"_blank\" rel=\"noopener noreferrer\">\u201cInsignia de Mestre Artes\u00e0 2008\u201d<\/a>.[\/vc_column_text][vc_empty_space height=&#8221;25px&#8221;]\n<blockquote class=\"eltd-blockquote-shortcode\"  >\n\t<span class=\"eltd-blockquote-block\">\n\t<\/span>\n\t<p class=\"eltd-blockquote-text\">\n\t\t<span>Tarragona 2008<\/span>\n\t<\/p>\n<\/blockquote>[vc_empty_space height=&#8221;30px&#8221;][vc_gallery type=&#8221;flexslider_slide&#8221; interval=&#8221;3&#8243; images=&#8221;6376,6375,6374&#8243; img_size=&#8221;medium&#8221;]\t\t<\/div>\n\t<\/div>\n<\/div><\/div>[\/vc_column][\/vc_row]<\/p>\n","protected":false},"excerpt":{"rendered":"<p>[vc_row][vc_column][vc_single_image image=&#8221;6159&#8243; img_size=&#8221;large&#8221;][\/vc_column][\/vc_row][vc_row][vc_column][\/vc_column][\/vc_row]<\/p>\n","protected":false},"author":2,"featured_media":0,"parent":0,"menu_order":0,"comment_status":"closed","ping_status":"closed","template":"","meta":[],"yoast_head":"<!-- This site is optimized with the Yoast SEO plugin v20.4 - https:\/\/yoast.com\/wordpress\/plugins\/seo\/ -->\n<title>ENJOIART - Joies d&#039;autor - Sobre Enjoiart<\/title>\n<meta name=\"description\" content=\"Enjoiart. Joies d&#039;autor exclusives i personalitzades realitzades totalment a m\u00e0. Plata, vidre de Murano, macram\u00e9...\" \/>\n<meta name=\"robots\" content=\"index, follow, max-snippet:-1, max-image-preview:large, max-video-preview:-1\" \/>\n<link rel=\"canonical\" href=\"https:\/\/www.enjoiart.com\/ca\/\" \/>\n<meta property=\"og:locale\" content=\"ca_ES\" \/>\n<meta property=\"og:type\" content=\"article\" \/>\n<meta property=\"og:title\" content=\"ENJOIART - Joies d&#039;autor - Sobre Enjoiart\" \/>\n<meta property=\"og:description\" content=\"Enjoiart. Joies d&#039;autor exclusives i personalitzades realitzades totalment a m\u00e0. Plata, vidre de Murano, macram\u00e9...\" \/>\n<meta property=\"og:url\" content=\"https:\/\/www.enjoiart.com\/ca\/\" \/>\n<meta property=\"og:site_name\" content=\"Enjoiart\" \/>\n<meta property=\"article:modified_time\" content=\"2019-03-08T09:21:17+00:00\" \/>\n<meta name=\"twitter:card\" content=\"summary_large_image\" \/>\n<meta name=\"twitter:label1\" content=\"Temps estimat de lectura\" \/>\n\t<meta name=\"twitter:data1\" content=\"2 minuts\" \/>\n<script type=\"application\/ld+json\" class=\"yoast-schema-graph\">{\"@context\":\"https:\/\/schema.org\",\"@graph\":[{\"@type\":\"WebPage\",\"@id\":\"https:\/\/www.enjoiart.com\/ca\/\",\"url\":\"https:\/\/www.enjoiart.com\/ca\/\",\"name\":\"ENJOIART - Joies d'autor - Sobre Enjoiart\",\"isPartOf\":{\"@id\":\"https:\/\/www.enjoiart.com\/#website\"},\"datePublished\":\"2019-03-08T06:46:25+00:00\",\"dateModified\":\"2019-03-08T09:21:17+00:00\",\"description\":\"Enjoiart. Joies d'autor exclusives i personalitzades realitzades totalment a m\u00e0. Plata, vidre de Murano, macram\u00e9...\",\"breadcrumb\":{\"@id\":\"https:\/\/www.enjoiart.com\/ca\/#breadcrumb\"},\"inLanguage\":\"ca\",\"potentialAction\":[{\"@type\":\"ReadAction\",\"target\":[\"https:\/\/www.enjoiart.com\/ca\/\"]}]},{\"@type\":\"BreadcrumbList\",\"@id\":\"https:\/\/www.enjoiart.com\/ca\/#breadcrumb\",\"itemListElement\":[{\"@type\":\"ListItem\",\"position\":1,\"name\":\"Inicio\",\"item\":\"https:\/\/www.enjoiart.com\/ca\/\"},{\"@type\":\"ListItem\",\"position\":2,\"name\":\"Enjoiart\"}]},{\"@type\":\"WebSite\",\"@id\":\"https:\/\/www.enjoiart.com\/#website\",\"url\":\"https:\/\/www.enjoiart.com\/\",\"name\":\"Enjoiart\",\"description\":\"Joyas de autor\",\"publisher\":{\"@id\":\"https:\/\/www.enjoiart.com\/#organization\"},\"potentialAction\":[{\"@type\":\"SearchAction\",\"target\":{\"@type\":\"EntryPoint\",\"urlTemplate\":\"https:\/\/www.enjoiart.com\/?s={search_term_string}\"},\"query-input\":\"required name=search_term_string\"}],\"inLanguage\":\"ca\"},{\"@type\":\"Organization\",\"@id\":\"https:\/\/www.enjoiart.com\/#organization\",\"name\":\"Enjoiart\",\"url\":\"https:\/\/www.enjoiart.com\/\",\"logo\":{\"@type\":\"ImageObject\",\"inLanguage\":\"ca\",\"@id\":\"https:\/\/www.enjoiart.com\/#\/schema\/logo\/image\/\",\"url\":\"https:\/\/www.enjoiart.com\/wp-content\/uploads\/2019\/02\/enjoiart-logo-negre-144px.jpg\",\"contentUrl\":\"https:\/\/www.enjoiart.com\/wp-content\/uploads\/2019\/02\/enjoiart-logo-negre-144px.jpg\",\"width\":144,\"height\":144,\"caption\":\"Enjoiart\"},\"image\":{\"@id\":\"https:\/\/www.enjoiart.com\/#\/schema\/logo\/image\/\"},\"sameAs\":[\"http:\/\/www.instagram.com\/enjoiart\"]}]}<\/script>\n<!-- \/ Yoast SEO plugin. -->","yoast_head_json":{"title":"ENJOIART - Joies d'autor - Sobre Enjoiart","description":"Enjoiart. Joies d'autor exclusives i personalitzades realitzades totalment a m\u00e0. Plata, vidre de Murano, macram\u00e9...","robots":{"index":"index","follow":"follow","max-snippet":"max-snippet:-1","max-image-preview":"max-image-preview:large","max-video-preview":"max-video-preview:-1"},"canonical":"https:\/\/www.enjoiart.com\/ca\/","og_locale":"ca_ES","og_type":"article","og_title":"ENJOIART - Joies d'autor - Sobre Enjoiart","og_description":"Enjoiart. Joies d'autor exclusives i personalitzades realitzades totalment a m\u00e0. Plata, vidre de Murano, macram\u00e9...","og_url":"https:\/\/www.enjoiart.com\/ca\/","og_site_name":"Enjoiart","article_modified_time":"2019-03-08T09:21:17+00:00","twitter_card":"summary_large_image","twitter_misc":{"Temps estimat de lectura":"2 minuts"},"schema":{"@context":"https:\/\/schema.org","@graph":[{"@type":"WebPage","@id":"https:\/\/www.enjoiart.com\/ca\/","url":"https:\/\/www.enjoiart.com\/ca\/","name":"ENJOIART - Joies d'autor - Sobre Enjoiart","isPartOf":{"@id":"https:\/\/www.enjoiart.com\/#website"},"datePublished":"2019-03-08T06:46:25+00:00","dateModified":"2019-03-08T09:21:17+00:00","description":"Enjoiart. Joies d'autor exclusives i personalitzades realitzades totalment a m\u00e0. Plata, vidre de Murano, macram\u00e9...","breadcrumb":{"@id":"https:\/\/www.enjoiart.com\/ca\/#breadcrumb"},"inLanguage":"ca","potentialAction":[{"@type":"ReadAction","target":["https:\/\/www.enjoiart.com\/ca\/"]}]},{"@type":"BreadcrumbList","@id":"https:\/\/www.enjoiart.com\/ca\/#breadcrumb","itemListElement":[{"@type":"ListItem","position":1,"name":"Inicio","item":"https:\/\/www.enjoiart.com\/ca\/"},{"@type":"ListItem","position":2,"name":"Enjoiart"}]},{"@type":"WebSite","@id":"https:\/\/www.enjoiart.com\/#website","url":"https:\/\/www.enjoiart.com\/","name":"Enjoiart","description":"Joyas de autor","publisher":{"@id":"https:\/\/www.enjoiart.com\/#organization"},"potentialAction":[{"@type":"SearchAction","target":{"@type":"EntryPoint","urlTemplate":"https:\/\/www.enjoiart.com\/?s={search_term_string}"},"query-input":"required name=search_term_string"}],"inLanguage":"ca"},{"@type":"Organization","@id":"https:\/\/www.enjoiart.com\/#organization","name":"Enjoiart","url":"https:\/\/www.enjoiart.com\/","logo":{"@type":"ImageObject","inLanguage":"ca","@id":"https:\/\/www.enjoiart.com\/#\/schema\/logo\/image\/","url":"https:\/\/www.enjoiart.com\/wp-content\/uploads\/2019\/02\/enjoiart-logo-negre-144px.jpg","contentUrl":"https:\/\/www.enjoiart.com\/wp-content\/uploads\/2019\/02\/enjoiart-logo-negre-144px.jpg","width":144,"height":144,"caption":"Enjoiart"},"image":{"@id":"https:\/\/www.enjoiart.com\/#\/schema\/logo\/image\/"},"sameAs":["http:\/\/www.instagram.com\/enjoiart"]}]}},"_links":{"self":[{"href":"https:\/\/www.enjoiart.com\/ca\/wp-json\/wp\/v2\/pages\/6704"}],"collection":[{"href":"https:\/\/www.enjoiart.com\/ca\/wp-json\/wp\/v2\/pages"}],"about":[{"href":"https:\/\/www.enjoiart.com\/ca\/wp-json\/wp\/v2\/types\/page"}],"author":[{"embeddable":true,"href":"https:\/\/www.enjoiart.com\/ca\/wp-json\/wp\/v2\/users\/2"}],"replies":[{"embeddable":true,"href":"https:\/\/www.enjoiart.com\/ca\/wp-json\/wp\/v2\/comments?post=6704"}],"version-history":[{"count":0,"href":"https:\/\/www.enjoiart.com\/ca\/wp-json\/wp\/v2\/pages\/6704\/revisions"}],"wp:attachment":[{"href":"https:\/\/www.enjoiart.com\/ca\/wp-json\/wp\/v2\/media?parent=6704"}],"curies":[{"name":"wp","href":"https:\/\/api.w.org\/{rel}","templated":true}]}}