{"id":6692,"date":"2019-03-07T17:08:34","date_gmt":"2019-03-07T16:08:34","guid":{"rendered":"http:\/\/www.enjoiart.com\/contactar\/"},"modified":"2019-03-08T10:22:41","modified_gmt":"2019-03-08T09:22:41","slug":"contactar","status":"publish","type":"page","link":"https:\/\/www.enjoiart.com\/ca\/contactar\/","title":{"rendered":"Contactar"},"content":{"rendered":"<p>[vc_row][vc_column][vc_single_image image=&#8221;6163&#8243; img_size=&#8221;large&#8221;][\/vc_column][\/vc_row][vc_row][vc_column]<div class=\"eltd-elements-holder eltd-two-columns eltd-responsive-mode-1280\" ><div class=\"eltd-elements-holder-item eltd-vertical-alignment-top\"  style=\"background-color: #ffffff\">\n\t<div class=\"eltd-elements-holder-item-inner\">\n\t\t<div class=\"eltd-elements-holder-item-content eltd-elements-holder-custom-605955\" style=\"padding: 30px 40px 30px 70px\">\n\t\t\t\t\t\t<style type=\"text\/css\" data-type=\"eltd-elements-custom-padding\" scoped>\n\t\t\t\t\t\t\t\t\t@media only screen and (min-width: 1024px) and (max-width: 1280px) {\n\t\t\t\t\t\t.eltd-elements-holder .eltd-elements-holder-item-content.eltd-elements-holder-custom-605955 {\n\t\t\t\t\t\t\tpadding: 40px 30px 30px 30px !important;\n\t\t\t\t\t\t}\n\t\t\t\t\t}\n\t\t\t\t\t\t\t\t\t\t\t\t@media only screen and (min-width: 768px) and (max-width: 1024px) {\n\t\t\t\t\t.eltd-elements-holder .eltd-elements-holder-item-content.eltd-elements-holder-custom-605955 {\n\t\t\t\t\t\tpadding: 40px 40px 30px 40px !important;\n\t\t\t\t\t}\n\t\t\t\t}\n\t\t\t\t\t\t\t\t\t\t\t\t@media only screen and (min-width: 600px) and (max-width: 768px) {\n\t\t\t\t\t.eltd-elements-holder .eltd-elements-holder-item-content.eltd-elements-holder-custom-605955 {\n\t\t\t\t\t\tpadding:  !important;\n\t\t\t\t\t}\n\t\t\t\t}\n\t\t\t\t\t\t\t\t\t\t\t\t@media only screen and (min-width: 480px) and (max-width: 600px) {\n\t\t\t\t\t.eltd-elements-holder .eltd-elements-holder-item-content.eltd-elements-holder-custom-605955 {\n\t\t\t\t\t\tpadding:  !important;\n\t\t\t\t\t}\n\t\t\t\t}\n\t\t\t\t\t\t\t\t\t\t\t\t@media only screen and (max-width: 480px) {\n\t\t\t\t\t.eltd-elements-holder .eltd-elements-holder-item-content.eltd-elements-holder-custom-605955 {\n\t\t\t\t\t\tpadding: 20px 20px 30px 20px !important;\n\t\t\t\t\t}\n\t\t\t\t}\n\t\t\t\t\t\t\t\t<\/style>\n\t\t\t\t\t\t<div class=\"eltd-section-title-outer-holder\" style=\"text-align: left\">\n\t<div class=\"eltd-section-title-holder\">\n\t\t<div class=\"eltd-section-title\" style=\";\">Joies d&#039;autor<\/div>\n\t<\/div>\n<\/div>[vc_empty_space height=&#8221;8px&#8221;][vc_column_text]<\/p>\n<h4>Enjoiart<\/h4>\n<p>[\/vc_column_text][vc_empty_space height=&#8221;15px&#8221;][vc_column_text]Joies \u00faniques i exclusives. Dissenys lliures i molt personals adaptats a la personalitat del client.[\/vc_column_text][vc_empty_space height=&#8221;25px&#8221;]\n<blockquote class=\"eltd-blockquote-shortcode\"  >\n\t<span class=\"eltd-blockquote-block\">\n\t<\/span>\n\t<p class=\"eltd-blockquote-text\">\n\t\t<span>Joies d&#039;autor realitzades en plata i\/o vidre de Murano.<\/span>\n\t<\/p>\n<\/blockquote>[vc_empty_space height=&#8221;10px&#8221;][vc_column_text]Art en joieria. Peces de plata \u00edntegrament realitzades a m\u00e0. Joies \u00faniques i especials.[\/vc_column_text][vc_empty_space height=&#8221;10px&#8221;][vc_column_text]No dubteu en contactar amb nosaltres, a trav\u00e9s del nostre formulari de contacte, per exposar-nos la seva idea o projecte personal que mereixi una joia exclusiva, \u00fanica, aut\u00e8ntica i amb \u00e0nima. Intentarem sorprendre&#8217;l.[\/vc_column_text][vc_empty_space height=&#8221;25px&#8221;]\n    <span class=\"eltd-icon-shortcode normal\" style=\"margin: 0 17px 0 0\" data-hover-color=\"#58bcb3\" data-color=\"#888888\">\n                    <a href=\"http:\/\/instagram.com\/enjoiart\" target=\"_blank\">\n        \n        <span aria-hidden=\"true\" class=\"eltd-icon-font-elegant social_instagram_square eltd-icon-element\" style=\"color: #888888;font-size:20px\" ><\/span>\n                    <\/a>\n            <\/span>\n\n\n    <span class=\"eltd-icon-shortcode normal\"  data-hover-color=\"#58bcb3\" data-color=\"#888888\">\n                    <a href=\"https:\/\/www.facebook.com\" target=\"_blank\">\n        \n        <span aria-hidden=\"true\" class=\"eltd-icon-font-elegant social_facebook_square eltd-icon-element\" style=\"color: #888888;font-size:20px\" ><\/span>\n                    <\/a>\n            <\/span>\n\n\t\t<\/div>\n\t<\/div>\n<\/div><div class=\"eltd-elements-holder-item eltd-vertical-alignment-top\"  style=\"background-color: #ffffff\">\n\t<div class=\"eltd-elements-holder-item-inner\">\n\t\t<div class=\"eltd-elements-holder-item-content eltd-elements-holder-custom-972891\" style=\"padding: 30px 40px 30px 70px\">\n\t\t\t\t\t\t<style type=\"text\/css\" data-type=\"eltd-elements-custom-padding\" scoped>\n\t\t\t\t\t\t\t\t\t@media only screen and (min-width: 1024px) and (max-width: 1280px) {\n\t\t\t\t\t\t.eltd-elements-holder .eltd-elements-holder-item-content.eltd-elements-holder-custom-972891 {\n\t\t\t\t\t\t\tpadding: 20px 30px 30px 30px !important;\n\t\t\t\t\t\t}\n\t\t\t\t\t}\n\t\t\t\t\t\t\t\t\t\t\t\t@media only screen and (min-width: 768px) and (max-width: 1024px) {\n\t\t\t\t\t.eltd-elements-holder .eltd-elements-holder-item-content.eltd-elements-holder-custom-972891 {\n\t\t\t\t\t\tpadding: 40px 40px 30px 40px !important;\n\t\t\t\t\t}\n\t\t\t\t}\n\t\t\t\t\t\t\t\t\t\t\t\t@media only screen and (min-width: 600px) and (max-width: 768px) {\n\t\t\t\t\t.eltd-elements-holder .eltd-elements-holder-item-content.eltd-elements-holder-custom-972891 {\n\t\t\t\t\t\tpadding:  !important;\n\t\t\t\t\t}\n\t\t\t\t}\n\t\t\t\t\t\t\t\t\t\t\t\t@media only screen and (min-width: 480px) and (max-width: 600px) {\n\t\t\t\t\t.eltd-elements-holder .eltd-elements-holder-item-content.eltd-elements-holder-custom-972891 {\n\t\t\t\t\t\tpadding:  !important;\n\t\t\t\t\t}\n\t\t\t\t}\n\t\t\t\t\t\t\t\t\t\t\t\t@media only screen and (max-width: 480px) {\n\t\t\t\t\t.eltd-elements-holder .eltd-elements-holder-item-content.eltd-elements-holder-custom-972891 {\n\t\t\t\t\t\tpadding: 20px 20px 30px 20px !important;\n\t\t\t\t\t}\n\t\t\t\t}\n\t\t\t\t\t\t\t\t<\/style>\n\t\t\t\t\t\t<div class=\"eltd-section-title-outer-holder\" style=\"text-align: left\">\n\t<div class=\"eltd-section-title-holder\">\n\t\t<div class=\"eltd-section-title\" style=\";\">Eva Gil Caball\u00e9<\/div>\n\t<\/div>\n<\/div>[vc_empty_space height=&#8221;8px&#8221;][vc_column_text]<\/p>\n<h4>Contactar<\/h4>\n<p>[\/vc_column_text][vc_empty_space height=&#8221;15px&#8221;][vc_column_text]Ens encanten els reptes creatius. Ens adaptem a les seves idees o projectes per tal de sorprendre amb joies de disseny \u00fanic i totalment artesanal.[\/vc_column_text][vc_column_text]Joies exclusives fetes de forma totalment artesanal. Peces d&#8217;edici\u00f3 limitada realitzades en plata, cristall de Murano i\/o macram\u00e9.[\/vc_column_text][vc_empty_space height=&#8221;10px&#8221;][vc_column_text]Regals \u00fanics per sorprendre amb una joia exclusiva i molt personal.[\/vc_column_text][vc_empty_space height=&#8221;25px&#8221;]\n<blockquote class=\"eltd-blockquote-shortcode\"  >\n\t<span class=\"eltd-blockquote-block\">\n\t<\/span>\n\t<p class=\"eltd-blockquote-text\">\n\t\t<span>Eva Enjoiart<\/span>\n\t<\/p>\n<\/blockquote>\n<blockquote class=\"eltd-blockquote-shortcode\"  >\n\t<span class=\"eltd-blockquote-block\">\n\t<\/span>\n\t<p class=\"eltd-blockquote-text\">\n\t\t<span>Cambrils 43850<\/span>\n\t<\/p>\n<\/blockquote>\n<blockquote class=\"eltd-blockquote-shortcode\"  >\n\t<span class=\"eltd-blockquote-block\">\n\t<\/span>\n\t<p class=\"eltd-blockquote-text\">\n\t\t<span>T. 617 171 466<\/span>\n\t<\/p>\n<\/blockquote>\n<blockquote class=\"eltd-blockquote-shortcode\"  >\n\t<span class=\"eltd-blockquote-block\">\n\t<\/span>\n\t<p class=\"eltd-blockquote-text\">\n\t\t<span>hola@enjoiart.com<\/span>\n\t<\/p>\n<\/blockquote>[vc_empty_space height=&#8221;15px&#8221;]\t\t<\/div>\n\t<\/div>\n<\/div><\/div>[\/vc_column][\/vc_row]<\/p>\n","protected":false},"excerpt":{"rendered":"<p>[vc_row][vc_column][vc_single_image image=&#8221;6163&#8243; img_size=&#8221;large&#8221;][\/vc_column][\/vc_row][vc_row][vc_column][\/vc_column][\/vc_row]<\/p>\n","protected":false},"author":2,"featured_media":0,"parent":0,"menu_order":0,"comment_status":"closed","ping_status":"closed","template":"","meta":[],"yoast_head":"<!-- This site is optimized with the Yoast SEO plugin v20.4 - https:\/\/yoast.com\/wordpress\/plugins\/seo\/ -->\n<title>ENJOIART - Joies d&#039;autor - Contactar<\/title>\n<meta name=\"description\" content=\"Enjoiart. Joies d&#039;autor exclusives i personalitzades realitzades totalment a m\u00e0. Plata, vidre de Murano, macram\u00e9...\" \/>\n<meta name=\"robots\" content=\"index, follow, max-snippet:-1, max-image-preview:large, max-video-preview:-1\" \/>\n<link rel=\"canonical\" href=\"https:\/\/www.enjoiart.com\/ca\/contactar\/\" \/>\n<meta property=\"og:locale\" content=\"ca_ES\" \/>\n<meta property=\"og:type\" content=\"article\" \/>\n<meta property=\"og:title\" content=\"ENJOIART - Joies d&#039;autor - Contactar\" \/>\n<meta property=\"og:description\" content=\"Enjoiart. Joies d&#039;autor exclusives i personalitzades realitzades totalment a m\u00e0. Plata, vidre de Murano, macram\u00e9...\" \/>\n<meta property=\"og:url\" content=\"https:\/\/www.enjoiart.com\/ca\/contactar\/\" \/>\n<meta property=\"og:site_name\" content=\"Enjoiart\" \/>\n<meta property=\"article:modified_time\" content=\"2019-03-08T09:22:41+00:00\" \/>\n<meta name=\"twitter:card\" content=\"summary_large_image\" \/>\n<meta name=\"twitter:label1\" content=\"Temps estimat de lectura\" \/>\n\t<meta name=\"twitter:data1\" content=\"2 minuts\" \/>\n<script type=\"application\/ld+json\" class=\"yoast-schema-graph\">{\"@context\":\"https:\/\/schema.org\",\"@graph\":[{\"@type\":\"WebPage\",\"@id\":\"https:\/\/www.enjoiart.com\/ca\/contactar\/\",\"url\":\"https:\/\/www.enjoiart.com\/ca\/contactar\/\",\"name\":\"ENJOIART - Joies d'autor - Contactar\",\"isPartOf\":{\"@id\":\"https:\/\/www.enjoiart.com\/#website\"},\"datePublished\":\"2019-03-07T16:08:34+00:00\",\"dateModified\":\"2019-03-08T09:22:41+00:00\",\"description\":\"Enjoiart. Joies d'autor exclusives i personalitzades realitzades totalment a m\u00e0. Plata, vidre de Murano, macram\u00e9...\",\"breadcrumb\":{\"@id\":\"https:\/\/www.enjoiart.com\/ca\/contactar\/#breadcrumb\"},\"inLanguage\":\"ca\",\"potentialAction\":[{\"@type\":\"ReadAction\",\"target\":[\"https:\/\/www.enjoiart.com\/ca\/contactar\/\"]}]},{\"@type\":\"BreadcrumbList\",\"@id\":\"https:\/\/www.enjoiart.com\/ca\/contactar\/#breadcrumb\",\"itemListElement\":[{\"@type\":\"ListItem\",\"position\":1,\"name\":\"Inicio\",\"item\":\"https:\/\/www.enjoiart.com\/ca\/\"},{\"@type\":\"ListItem\",\"position\":2,\"name\":\"Contactar\"}]},{\"@type\":\"WebSite\",\"@id\":\"https:\/\/www.enjoiart.com\/#website\",\"url\":\"https:\/\/www.enjoiart.com\/\",\"name\":\"Enjoiart\",\"description\":\"Joyas de autor\",\"publisher\":{\"@id\":\"https:\/\/www.enjoiart.com\/#organization\"},\"potentialAction\":[{\"@type\":\"SearchAction\",\"target\":{\"@type\":\"EntryPoint\",\"urlTemplate\":\"https:\/\/www.enjoiart.com\/?s={search_term_string}\"},\"query-input\":\"required name=search_term_string\"}],\"inLanguage\":\"ca\"},{\"@type\":\"Organization\",\"@id\":\"https:\/\/www.enjoiart.com\/#organization\",\"name\":\"Enjoiart\",\"url\":\"https:\/\/www.enjoiart.com\/\",\"logo\":{\"@type\":\"ImageObject\",\"inLanguage\":\"ca\",\"@id\":\"https:\/\/www.enjoiart.com\/#\/schema\/logo\/image\/\",\"url\":\"https:\/\/www.enjoiart.com\/wp-content\/uploads\/2019\/02\/enjoiart-logo-negre-144px.jpg\",\"contentUrl\":\"https:\/\/www.enjoiart.com\/wp-content\/uploads\/2019\/02\/enjoiart-logo-negre-144px.jpg\",\"width\":144,\"height\":144,\"caption\":\"Enjoiart\"},\"image\":{\"@id\":\"https:\/\/www.enjoiart.com\/#\/schema\/logo\/image\/\"},\"sameAs\":[\"http:\/\/www.instagram.com\/enjoiart\"]}]}<\/script>\n<!-- \/ Yoast SEO plugin. -->","yoast_head_json":{"title":"ENJOIART - Joies d'autor - Contactar","description":"Enjoiart. Joies d'autor exclusives i personalitzades realitzades totalment a m\u00e0. Plata, vidre de Murano, macram\u00e9...","robots":{"index":"index","follow":"follow","max-snippet":"max-snippet:-1","max-image-preview":"max-image-preview:large","max-video-preview":"max-video-preview:-1"},"canonical":"https:\/\/www.enjoiart.com\/ca\/contactar\/","og_locale":"ca_ES","og_type":"article","og_title":"ENJOIART - Joies d'autor - Contactar","og_description":"Enjoiart. Joies d'autor exclusives i personalitzades realitzades totalment a m\u00e0. Plata, vidre de Murano, macram\u00e9...","og_url":"https:\/\/www.enjoiart.com\/ca\/contactar\/","og_site_name":"Enjoiart","article_modified_time":"2019-03-08T09:22:41+00:00","twitter_card":"summary_large_image","twitter_misc":{"Temps estimat de lectura":"2 minuts"},"schema":{"@context":"https:\/\/schema.org","@graph":[{"@type":"WebPage","@id":"https:\/\/www.enjoiart.com\/ca\/contactar\/","url":"https:\/\/www.enjoiart.com\/ca\/contactar\/","name":"ENJOIART - Joies d'autor - Contactar","isPartOf":{"@id":"https:\/\/www.enjoiart.com\/#website"},"datePublished":"2019-03-07T16:08:34+00:00","dateModified":"2019-03-08T09:22:41+00:00","description":"Enjoiart. Joies d'autor exclusives i personalitzades realitzades totalment a m\u00e0. Plata, vidre de Murano, macram\u00e9...","breadcrumb":{"@id":"https:\/\/www.enjoiart.com\/ca\/contactar\/#breadcrumb"},"inLanguage":"ca","potentialAction":[{"@type":"ReadAction","target":["https:\/\/www.enjoiart.com\/ca\/contactar\/"]}]},{"@type":"BreadcrumbList","@id":"https:\/\/www.enjoiart.com\/ca\/contactar\/#breadcrumb","itemListElement":[{"@type":"ListItem","position":1,"name":"Inicio","item":"https:\/\/www.enjoiart.com\/ca\/"},{"@type":"ListItem","position":2,"name":"Contactar"}]},{"@type":"WebSite","@id":"https:\/\/www.enjoiart.com\/#website","url":"https:\/\/www.enjoiart.com\/","name":"Enjoiart","description":"Joyas de autor","publisher":{"@id":"https:\/\/www.enjoiart.com\/#organization"},"potentialAction":[{"@type":"SearchAction","target":{"@type":"EntryPoint","urlTemplate":"https:\/\/www.enjoiart.com\/?s={search_term_string}"},"query-input":"required name=search_term_string"}],"inLanguage":"ca"},{"@type":"Organization","@id":"https:\/\/www.enjoiart.com\/#organization","name":"Enjoiart","url":"https:\/\/www.enjoiart.com\/","logo":{"@type":"ImageObject","inLanguage":"ca","@id":"https:\/\/www.enjoiart.com\/#\/schema\/logo\/image\/","url":"https:\/\/www.enjoiart.com\/wp-content\/uploads\/2019\/02\/enjoiart-logo-negre-144px.jpg","contentUrl":"https:\/\/www.enjoiart.com\/wp-content\/uploads\/2019\/02\/enjoiart-logo-negre-144px.jpg","width":144,"height":144,"caption":"Enjoiart"},"image":{"@id":"https:\/\/www.enjoiart.com\/#\/schema\/logo\/image\/"},"sameAs":["http:\/\/www.instagram.com\/enjoiart"]}]}},"_links":{"self":[{"href":"https:\/\/www.enjoiart.com\/ca\/wp-json\/wp\/v2\/pages\/6692"}],"collection":[{"href":"https:\/\/www.enjoiart.com\/ca\/wp-json\/wp\/v2\/pages"}],"about":[{"href":"https:\/\/www.enjoiart.com\/ca\/wp-json\/wp\/v2\/types\/page"}],"author":[{"embeddable":true,"href":"https:\/\/www.enjoiart.com\/ca\/wp-json\/wp\/v2\/users\/2"}],"replies":[{"embeddable":true,"href":"https:\/\/www.enjoiart.com\/ca\/wp-json\/wp\/v2\/comments?post=6692"}],"version-history":[{"count":0,"href":"https:\/\/www.enjoiart.com\/ca\/wp-json\/wp\/v2\/pages\/6692\/revisions"}],"wp:attachment":[{"href":"https:\/\/www.enjoiart.com\/ca\/wp-json\/wp\/v2\/media?parent=6692"}],"curies":[{"name":"wp","href":"https:\/\/api.w.org\/{rel}","templated":true}]}}